{"id":40973,"date":"2025-09-28T22:05:13","date_gmt":"2025-09-28T19:05:13","guid":{"rendered":"https:\/\/taxicity.services\/tour\/a-one-way-transfer-from-athens-choice-hotel-veranzerou-athen-gorogorszag-to-athens-international-airport-eleftherios-venizelos-ath-attiki-odos-spata-gorogorszag-on-29-09-2025-6\/"},"modified":"2025-09-28T22:05:13","modified_gmt":"2025-09-28T19:05:13","slug":"a-one-way-transfer-from-athens-choice-hotel-veranzerou-athen-gorogorszag-to-athens-international-airport-eleftherios-venizelos-ath-attiki-odos-spata-gorogorszag-on-29-09-2025-6","status":"publish","type":"product","link":"https:\/\/taxicity.services\/fr\/tour\/a-one-way-transfer-from-athens-choice-hotel-veranzerou-athen-gorogorszag-to-athens-international-airport-eleftherios-venizelos-ath-attiki-odos-spata-gorogorszag-on-29-09-2025-6\/","title":{"rendered":"A &#8220;One Way&#8221; transfer from &#8220;Athens Choice Hotel, Veranzerou, Ath\u00e9n, G\u00f6r\u00f6gorsz\u00e1g&#8221; to &#8220;Athens International Airport Eleftherios Venizelos (ATH), Attiki Odos, Spata, G\u00f6r\u00f6gorsz\u00e1g&#8221;, on &#8220;29-09-2025 6:45&#8221;"},"content":{"rendered":"","protected":false},"excerpt":{"rendered":"","protected":false},"featured_media":0,"comment_status":"open","ping_status":"closed","template":"","meta":{"_acf_changed":false,"inline_featured_image":false,"_vp_format_video_url":"","_vp_image_focal_point":[]},"product_brand":[],"product_cat":[15],"product_tag":[],"class_list":{"0":"post-40973","1":"product","2":"type-product","3":"status-publish","5":"product_cat-uncategorized","7":"first","8":"instock","9":"sold-individually","10":"shipping-taxable","11":"purchasable","12":"product-type-simple"},"acf":[],"_links":{"self":[{"href":"https:\/\/taxicity.services\/fr\/wp-json\/wp\/v2\/product\/40973","targetHints":{"allow":["GET"]}}],"collection":[{"href":"https:\/\/taxicity.services\/fr\/wp-json\/wp\/v2\/product"}],"about":[{"href":"https:\/\/taxicity.services\/fr\/wp-json\/wp\/v2\/types\/product"}],"replies":[{"embeddable":true,"href":"https:\/\/taxicity.services\/fr\/wp-json\/wp\/v2\/comments?post=40973"}],"wp:attachment":[{"href":"https:\/\/taxicity.services\/fr\/wp-json\/wp\/v2\/media?parent=40973"}],"wp:term":[{"taxonomy":"product_brand","embeddable":true,"href":"https:\/\/taxicity.services\/fr\/wp-json\/wp\/v2\/product_brand?post=40973"},{"taxonomy":"product_cat","embeddable":true,"href":"https:\/\/taxicity.services\/fr\/wp-json\/wp\/v2\/product_cat?post=40973"},{"taxonomy":"product_tag","embeddable":true,"href":"https:\/\/taxicity.services\/fr\/wp-json\/wp\/v2\/product_tag?post=40973"}],"curies":[{"name":"wp","href":"https:\/\/api.w.org\/{rel}","templated":true}]}}