{"id":37317,"date":"2025-07-19T10:41:00","date_gmt":"2025-07-19T07:41:00","guid":{"rendered":"https:\/\/taxicity.services\/tour\/a-one-way-transfer-from-nafpliou-7-porto-rafti-190-03-grece-to-acropolis-athenes-grece-on-19-07-2025-1055\/"},"modified":"2025-07-19T10:41:00","modified_gmt":"2025-07-19T07:41:00","slug":"a-one-way-transfer-from-nafpliou-7-porto-rafti-190-03-grece-to-acropolis-athenes-grece-on-19-07-2025-1055","status":"publish","type":"product","link":"https:\/\/taxicity.services\/fr\/tour\/a-one-way-transfer-from-nafpliou-7-porto-rafti-190-03-grece-to-acropolis-athenes-grece-on-19-07-2025-1055\/","title":{"rendered":"A &#8220;One Way&#8221; transfer from &#8220;Nafpliou 7, Porto Rafti 190 03, Gr\u00e8ce&#8221; to &#8220;Acropolis, Ath\u00e8nes, Gr\u00e8ce&#8221;, on &#8220;19-07-2025 10:55&#8221;"},"content":{"rendered":"","protected":false},"excerpt":{"rendered":"","protected":false},"featured_media":0,"comment_status":"open","ping_status":"closed","template":"","meta":{"_acf_changed":false,"inline_featured_image":false,"_vp_format_video_url":"","_vp_image_focal_point":[]},"product_brand":[],"product_cat":[15],"product_tag":[],"class_list":{"0":"post-37317","1":"product","2":"type-product","3":"status-publish","5":"product_cat-uncategorized","7":"first","8":"instock","9":"sold-individually","10":"shipping-taxable","11":"purchasable","12":"product-type-simple"},"acf":[],"_links":{"self":[{"href":"https:\/\/taxicity.services\/fr\/wp-json\/wp\/v2\/product\/37317","targetHints":{"allow":["GET"]}}],"collection":[{"href":"https:\/\/taxicity.services\/fr\/wp-json\/wp\/v2\/product"}],"about":[{"href":"https:\/\/taxicity.services\/fr\/wp-json\/wp\/v2\/types\/product"}],"replies":[{"embeddable":true,"href":"https:\/\/taxicity.services\/fr\/wp-json\/wp\/v2\/comments?post=37317"}],"wp:attachment":[{"href":"https:\/\/taxicity.services\/fr\/wp-json\/wp\/v2\/media?parent=37317"}],"wp:term":[{"taxonomy":"product_brand","embeddable":true,"href":"https:\/\/taxicity.services\/fr\/wp-json\/wp\/v2\/product_brand?post=37317"},{"taxonomy":"product_cat","embeddable":true,"href":"https:\/\/taxicity.services\/fr\/wp-json\/wp\/v2\/product_cat?post=37317"},{"taxonomy":"product_tag","embeddable":true,"href":"https:\/\/taxicity.services\/fr\/wp-json\/wp\/v2\/product_tag?post=37317"}],"curies":[{"name":"wp","href":"https:\/\/api.w.org\/{rel}","templated":true}]}}