{"id":34769,"date":"2025-05-28T20:08:20","date_gmt":"2025-05-28T17:08:20","guid":{"rendered":"https:\/\/taxicity.services\/tour\/a-one-way-transfer-from-ramada-by-wyndham-athens-attica-riviera-leoforos-posidonos-athenes-grece-to-aeroport-international-dathenes-eleftherios-venizelos-ath-attiki-odos-spata-grec\/"},"modified":"2025-05-28T20:08:20","modified_gmt":"2025-05-28T17:08:20","slug":"a-one-way-transfer-from-ramada-by-wyndham-athens-attica-riviera-leoforos-posidonos-athenes-grece-to-aeroport-international-dathenes-eleftherios-venizelos-ath-attiki-odos-spata-grec","status":"publish","type":"product","link":"https:\/\/taxicity.services\/fr\/tour\/a-one-way-transfer-from-ramada-by-wyndham-athens-attica-riviera-leoforos-posidonos-athenes-grece-to-aeroport-international-dathenes-eleftherios-venizelos-ath-attiki-odos-spata-grec\/","title":{"rendered":"A &#8220;One Way&#8221; transfer from &#8220;Ramada by Wyndham Athens Attica Riviera, Leoforos Posidonos, Ath\u00e8nes, Gr\u00e8ce&#8221; to &#8220;A\u00e9roport international d&#8217;Ath\u00e8nes Elefth\u00e9rios-Veniz\u00e9los (ATH), Attiki Odos, Sp\u00e1ta, Gr\u00e8ce&#8221;, on &#8220;29-05-2025 3:00&#8221;"},"content":{"rendered":"","protected":false},"excerpt":{"rendered":"","protected":false},"featured_media":0,"comment_status":"open","ping_status":"closed","template":"","meta":{"_acf_changed":false,"inline_featured_image":false,"_vp_format_video_url":"","_vp_image_focal_point":[]},"product_brand":[],"product_cat":[15],"product_tag":[],"class_list":{"0":"post-34769","1":"product","2":"type-product","3":"status-publish","5":"product_cat-uncategorized","7":"first","8":"instock","9":"sold-individually","10":"shipping-taxable","11":"purchasable","12":"product-type-simple"},"acf":[],"_links":{"self":[{"href":"https:\/\/taxicity.services\/fr\/wp-json\/wp\/v2\/product\/34769","targetHints":{"allow":["GET"]}}],"collection":[{"href":"https:\/\/taxicity.services\/fr\/wp-json\/wp\/v2\/product"}],"about":[{"href":"https:\/\/taxicity.services\/fr\/wp-json\/wp\/v2\/types\/product"}],"replies":[{"embeddable":true,"href":"https:\/\/taxicity.services\/fr\/wp-json\/wp\/v2\/comments?post=34769"}],"wp:attachment":[{"href":"https:\/\/taxicity.services\/fr\/wp-json\/wp\/v2\/media?parent=34769"}],"wp:term":[{"taxonomy":"product_brand","embeddable":true,"href":"https:\/\/taxicity.services\/fr\/wp-json\/wp\/v2\/product_brand?post=34769"},{"taxonomy":"product_cat","embeddable":true,"href":"https:\/\/taxicity.services\/fr\/wp-json\/wp\/v2\/product_cat?post=34769"},{"taxonomy":"product_tag","embeddable":true,"href":"https:\/\/taxicity.services\/fr\/wp-json\/wp\/v2\/product_tag?post=34769"}],"curies":[{"name":"wp","href":"https:\/\/api.w.org\/{rel}","templated":true}]}}