{"id":34660,"date":"2025-05-26T18:17:56","date_gmt":"2025-05-26T15:17:56","guid":{"rendered":"https:\/\/taxicity.services\/tour\/a-return-new-ride-transfer-from-hotel-acropolis-hill-mouson-athenes-grece-to-marina-zeas-le-piree-grece-on-30-05-2025-1300-return-on-06-06-2025-930\/"},"modified":"2025-05-26T18:17:56","modified_gmt":"2025-05-26T15:17:56","slug":"a-return-new-ride-transfer-from-hotel-acropolis-hill-mouson-athenes-grece-to-marina-zeas-le-piree-grece-on-30-05-2025-1300-return-on-06-06-2025-930","status":"publish","type":"product","link":"https:\/\/taxicity.services\/fr\/tour\/a-return-new-ride-transfer-from-hotel-acropolis-hill-mouson-athenes-grece-to-marina-zeas-le-piree-grece-on-30-05-2025-1300-return-on-06-06-2025-930\/","title":{"rendered":"A &#8220;Return (new ride)&#8221; transfer from &#8220;Hotel Acropolis Hill, Mouson, Ath\u00e8nes, Gr\u00e8ce&#8221; to &#8220;Marina Zeas, Le Pir\u00e9e, Gr\u00e8ce&#8221;, on &#8220;30-05-2025 13:00&#8221;, return on &#8220;06-06-2025 9:30&#8221;"},"content":{"rendered":"","protected":false},"excerpt":{"rendered":"","protected":false},"featured_media":0,"comment_status":"open","ping_status":"closed","template":"","meta":{"_acf_changed":false,"inline_featured_image":false,"_vp_format_video_url":"","_vp_image_focal_point":[]},"product_brand":[],"product_cat":[15],"product_tag":[],"class_list":{"0":"post-34660","1":"product","2":"type-product","3":"status-publish","5":"product_cat-uncategorized","7":"first","8":"instock","9":"sold-individually","10":"shipping-taxable","11":"purchasable","12":"product-type-simple"},"acf":[],"_links":{"self":[{"href":"https:\/\/taxicity.services\/fr\/wp-json\/wp\/v2\/product\/34660","targetHints":{"allow":["GET"]}}],"collection":[{"href":"https:\/\/taxicity.services\/fr\/wp-json\/wp\/v2\/product"}],"about":[{"href":"https:\/\/taxicity.services\/fr\/wp-json\/wp\/v2\/types\/product"}],"replies":[{"embeddable":true,"href":"https:\/\/taxicity.services\/fr\/wp-json\/wp\/v2\/comments?post=34660"}],"wp:attachment":[{"href":"https:\/\/taxicity.services\/fr\/wp-json\/wp\/v2\/media?parent=34660"}],"wp:term":[{"taxonomy":"product_brand","embeddable":true,"href":"https:\/\/taxicity.services\/fr\/wp-json\/wp\/v2\/product_brand?post=34660"},{"taxonomy":"product_cat","embeddable":true,"href":"https:\/\/taxicity.services\/fr\/wp-json\/wp\/v2\/product_cat?post=34660"},{"taxonomy":"product_tag","embeddable":true,"href":"https:\/\/taxicity.services\/fr\/wp-json\/wp\/v2\/product_tag?post=34660"}],"curies":[{"name":"wp","href":"https:\/\/api.w.org\/{rel}","templated":true}]}}