{"id":31405,"date":"2024-11-09T15:41:44","date_gmt":"2024-11-09T12:41:44","guid":{"rendered":"https:\/\/taxicity.services\/tour\/a-return-transfer-from-troados-15-agia-paraskevi-grece-to-dagkana-seafood-boil-zisimopoulou-glyfada-grece-on-09-11-2024-1956\/"},"modified":"2024-11-09T15:41:44","modified_gmt":"2024-11-09T12:41:44","slug":"a-return-transfer-from-troados-15-agia-paraskevi-grece-to-dagkana-seafood-boil-zisimopoulou-glyfada-grece-on-09-11-2024-1956","status":"publish","type":"product","link":"https:\/\/taxicity.services\/fr\/tour\/a-return-transfer-from-troados-15-agia-paraskevi-grece-to-dagkana-seafood-boil-zisimopoulou-glyfada-grece-on-09-11-2024-1956\/","title":{"rendered":"A &#8220;Return&#8221; transfer from &#8220;Troados 15, Agia Paraskevi, Gr\u00e8ce&#8221; to &#8220;Dagkana Seafood Boil, Zisimopoulou, Glyf\u00e1da, Gr\u00e8ce&#8221;, on &#8220;09-11-2024 19:56&#8221;"},"content":{"rendered":"","protected":false},"excerpt":{"rendered":"","protected":false},"featured_media":0,"comment_status":"open","ping_status":"closed","template":"","meta":{"_acf_changed":false,"inline_featured_image":false,"_vp_format_video_url":"","_vp_image_focal_point":[]},"product_brand":[],"product_cat":[15],"product_tag":[],"class_list":{"0":"post-31405","1":"product","2":"type-product","3":"status-publish","5":"product_cat-uncategorized","7":"first","8":"instock","9":"sold-individually","10":"shipping-taxable","11":"purchasable","12":"product-type-simple"},"acf":[],"_links":{"self":[{"href":"https:\/\/taxicity.services\/fr\/wp-json\/wp\/v2\/product\/31405","targetHints":{"allow":["GET"]}}],"collection":[{"href":"https:\/\/taxicity.services\/fr\/wp-json\/wp\/v2\/product"}],"about":[{"href":"https:\/\/taxicity.services\/fr\/wp-json\/wp\/v2\/types\/product"}],"replies":[{"embeddable":true,"href":"https:\/\/taxicity.services\/fr\/wp-json\/wp\/v2\/comments?post=31405"}],"wp:attachment":[{"href":"https:\/\/taxicity.services\/fr\/wp-json\/wp\/v2\/media?parent=31405"}],"wp:term":[{"taxonomy":"product_brand","embeddable":true,"href":"https:\/\/taxicity.services\/fr\/wp-json\/wp\/v2\/product_brand?post=31405"},{"taxonomy":"product_cat","embeddable":true,"href":"https:\/\/taxicity.services\/fr\/wp-json\/wp\/v2\/product_cat?post=31405"},{"taxonomy":"product_tag","embeddable":true,"href":"https:\/\/taxicity.services\/fr\/wp-json\/wp\/v2\/product_tag?post=31405"}],"curies":[{"name":"wp","href":"https:\/\/api.w.org\/{rel}","templated":true}]}}