{"id":28299,"date":"2024-08-16T12:44:42","date_gmt":"2024-08-16T09:44:42","guid":{"rendered":"https:\/\/taxicity.services\/tour\/a-one-way-transfer-from-nikis-24-athenes-grece-to-thessalias-5-agios-ioannis-grece-on-16-08-2024-1716\/"},"modified":"2024-08-16T12:44:42","modified_gmt":"2024-08-16T09:44:42","slug":"a-one-way-transfer-from-nikis-24-athenes-grece-to-thessalias-5-agios-ioannis-grece-on-16-08-2024-1716","status":"publish","type":"product","link":"https:\/\/taxicity.services\/fr\/tour\/a-one-way-transfer-from-nikis-24-athenes-grece-to-thessalias-5-agios-ioannis-grece-on-16-08-2024-1716\/","title":{"rendered":"A &#8220;One Way&#8221; transfer from &#8220;Nikis 24, Ath\u00e8nes, Gr\u00e8ce&#8221; to &#8220;Thessalias 5, Agios Ioannis, Gr\u00e8ce&#8221;, on &#8220;16-08-2024 17:16&#8221;"},"content":{"rendered":"","protected":false},"excerpt":{"rendered":"","protected":false},"featured_media":0,"comment_status":"open","ping_status":"closed","template":"","meta":{"_acf_changed":false,"inline_featured_image":false,"_vp_format_video_url":"","_vp_image_focal_point":[]},"product_brand":[],"product_cat":[15],"product_tag":[],"class_list":{"0":"post-28299","1":"product","2":"type-product","3":"status-publish","5":"product_cat-uncategorized","7":"first","8":"instock","9":"sold-individually","10":"shipping-taxable","11":"purchasable","12":"product-type-simple"},"acf":[],"_links":{"self":[{"href":"https:\/\/taxicity.services\/fr\/wp-json\/wp\/v2\/product\/28299","targetHints":{"allow":["GET"]}}],"collection":[{"href":"https:\/\/taxicity.services\/fr\/wp-json\/wp\/v2\/product"}],"about":[{"href":"https:\/\/taxicity.services\/fr\/wp-json\/wp\/v2\/types\/product"}],"replies":[{"embeddable":true,"href":"https:\/\/taxicity.services\/fr\/wp-json\/wp\/v2\/comments?post=28299"}],"wp:attachment":[{"href":"https:\/\/taxicity.services\/fr\/wp-json\/wp\/v2\/media?parent=28299"}],"wp:term":[{"taxonomy":"product_brand","embeddable":true,"href":"https:\/\/taxicity.services\/fr\/wp-json\/wp\/v2\/product_brand?post=28299"},{"taxonomy":"product_cat","embeddable":true,"href":"https:\/\/taxicity.services\/fr\/wp-json\/wp\/v2\/product_cat?post=28299"},{"taxonomy":"product_tag","embeddable":true,"href":"https:\/\/taxicity.services\/fr\/wp-json\/wp\/v2\/product_tag?post=28299"}],"curies":[{"name":"wp","href":"https:\/\/api.w.org\/{rel}","templated":true}]}}