{"id":28262,"date":"2024-08-16T01:10:32","date_gmt":"2024-08-15T22:10:32","guid":{"rendered":"https:\/\/taxicity.services\/tour\/a-one-way-transfer-from-nikis-16-athenes-grece-to-thessalias-5-agios-ioannis-grece-on-16-08-2024-1713\/"},"modified":"2024-08-16T01:10:32","modified_gmt":"2024-08-15T22:10:32","slug":"a-one-way-transfer-from-nikis-16-athenes-grece-to-thessalias-5-agios-ioannis-grece-on-16-08-2024-1713","status":"publish","type":"product","link":"https:\/\/taxicity.services\/fr\/tour\/a-one-way-transfer-from-nikis-16-athenes-grece-to-thessalias-5-agios-ioannis-grece-on-16-08-2024-1713\/","title":{"rendered":"A &#8220;One Way&#8221; transfer from &#8220;Nikis 16, Ath\u00e8nes, Gr\u00e8ce&#8221; to &#8220;Thessalias 5, Agios Ioannis, Gr\u00e8ce&#8221;, on &#8220;16-08-2024 17:13&#8221;"},"content":{"rendered":"","protected":false},"excerpt":{"rendered":"","protected":false},"featured_media":0,"comment_status":"open","ping_status":"closed","template":"","meta":{"_acf_changed":false,"inline_featured_image":false,"_vp_format_video_url":"","_vp_image_focal_point":[]},"product_brand":[],"product_cat":[15],"product_tag":[],"class_list":{"0":"post-28262","1":"product","2":"type-product","3":"status-publish","5":"product_cat-uncategorized","7":"first","8":"instock","9":"sold-individually","10":"shipping-taxable","11":"purchasable","12":"product-type-simple"},"acf":[],"_links":{"self":[{"href":"https:\/\/taxicity.services\/fr\/wp-json\/wp\/v2\/product\/28262","targetHints":{"allow":["GET"]}}],"collection":[{"href":"https:\/\/taxicity.services\/fr\/wp-json\/wp\/v2\/product"}],"about":[{"href":"https:\/\/taxicity.services\/fr\/wp-json\/wp\/v2\/types\/product"}],"replies":[{"embeddable":true,"href":"https:\/\/taxicity.services\/fr\/wp-json\/wp\/v2\/comments?post=28262"}],"wp:attachment":[{"href":"https:\/\/taxicity.services\/fr\/wp-json\/wp\/v2\/media?parent=28262"}],"wp:term":[{"taxonomy":"product_brand","embeddable":true,"href":"https:\/\/taxicity.services\/fr\/wp-json\/wp\/v2\/product_brand?post=28262"},{"taxonomy":"product_cat","embeddable":true,"href":"https:\/\/taxicity.services\/fr\/wp-json\/wp\/v2\/product_cat?post=28262"},{"taxonomy":"product_tag","embeddable":true,"href":"https:\/\/taxicity.services\/fr\/wp-json\/wp\/v2\/product_tag?post=28262"}],"curies":[{"name":"wp","href":"https:\/\/api.w.org\/{rel}","templated":true}]}}