{"id":25918,"date":"2024-06-29T02:18:48","date_gmt":"2024-06-28T23:18:48","guid":{"rendered":"https:\/\/taxicity.services\/fr\/tour\/a-return-transfer-from-golden-coast-hotel-bungalows-marathon-grece-to-syntagma-square-place-syntagma-athenes-grece-on-24-07-2024-725\/"},"modified":"2024-06-29T02:18:48","modified_gmt":"2024-06-28T23:18:48","slug":"a-return-transfer-from-golden-coast-hotel-bungalows-marathon-grece-to-syntagma-square-place-syntagma-athenes-grece-on-24-07-2024-725","status":"publish","type":"product","link":"https:\/\/taxicity.services\/fr\/tour\/a-return-transfer-from-golden-coast-hotel-bungalows-marathon-grece-to-syntagma-square-place-syntagma-athenes-grece-on-24-07-2024-725\/","title":{"rendered":" A &#8220;Return&#8221; transfer from &#8220;Golden Coast Hotel &amp; Bungalows, Marathon, Gr\u00e8ce&#8221; to &#8220;Syntagma Square, Place Syntagma, Ath\u00e8nes, Gr\u00e8ce&#8221;, on &#8220;24-07-2024 7:25&#8243;"},"content":{"rendered":"","protected":false},"excerpt":{"rendered":"","protected":false},"featured_media":0,"comment_status":"open","ping_status":"closed","template":"","meta":{"_acf_changed":false,"inline_featured_image":false,"_vp_format_video_url":"","_vp_image_focal_point":[]},"product_brand":[],"product_cat":[15],"product_tag":[],"class_list":{"0":"post-25918","1":"product","2":"type-product","3":"status-publish","5":"product_cat-uncategorized","7":"first","8":"instock","9":"sold-individually","10":"shipping-taxable","11":"purchasable","12":"product-type-simple"},"acf":[],"_links":{"self":[{"href":"https:\/\/taxicity.services\/fr\/wp-json\/wp\/v2\/product\/25918","targetHints":{"allow":["GET"]}}],"collection":[{"href":"https:\/\/taxicity.services\/fr\/wp-json\/wp\/v2\/product"}],"about":[{"href":"https:\/\/taxicity.services\/fr\/wp-json\/wp\/v2\/types\/product"}],"replies":[{"embeddable":true,"href":"https:\/\/taxicity.services\/fr\/wp-json\/wp\/v2\/comments?post=25918"}],"wp:attachment":[{"href":"https:\/\/taxicity.services\/fr\/wp-json\/wp\/v2\/media?parent=25918"}],"wp:term":[{"taxonomy":"product_brand","embeddable":true,"href":"https:\/\/taxicity.services\/fr\/wp-json\/wp\/v2\/product_brand?post=25918"},{"taxonomy":"product_cat","embeddable":true,"href":"https:\/\/taxicity.services\/fr\/wp-json\/wp\/v2\/product_cat?post=25918"},{"taxonomy":"product_tag","embeddable":true,"href":"https:\/\/taxicity.services\/fr\/wp-json\/wp\/v2\/product_tag?post=25918"}],"curies":[{"name":"wp","href":"https:\/\/api.w.org\/{rel}","templated":true}]}}