{"id":11022,"date":"2019-04-13T07:42:21","date_gmt":"2019-04-13T07:42:21","guid":{"rendered":"http:\/\/taxicity.services\/tour\/daytrip-delphi\/"},"modified":"2019-04-23T11:42:32","modified_gmt":"2019-04-23T11:42:32","slug":"daytrip-delphi","status":"publish","type":"product","link":"https:\/\/taxicity.services\/fr\/tour\/daytrip-delphi\/","title":{"rendered":"Excursion d\u2019une journ\u00e9e: Delphi"},"content":{"rendered":"<p>Delphi est un autre site arch\u00e9ologique c\u00e9l\u00e8bre en Gr\u00e8ce. Il est peut-\u00eatre mieux connu pour l\u2019oracle au sanctuaire qui a \u00e9t\u00e9 consacr\u00e9 \u00e0 Apollon pendant la p\u00e9riode classique. Dans le temps d\u2019Hom\u00e8re, il \u00e9tait appel\u00e9 \u201cPython\u201d et il \u00e9tait le centre de l\u2019Amphictyony Delphic.<\/p>","protected":false},"excerpt":{"rendered":"<p>Delphi \u00e9tait d\u2019une grande importance jusqu\u2019\u00e0 la fin du 4\u00e8me si\u00e8cle A.C. quand elle a \u00e9t\u00e9 ferm\u00e9e par l\u2019empereur Theodosius I. Aujourd\u2019hui les visiteurs de partout dans le monde voyagent \u00e0 la Gr\u00e8ce et visitent Delphes.<\/p>","protected":false},"featured_media":11023,"comment_status":"closed","ping_status":"closed","template":"","meta":{"_acf_changed":false,"inline_featured_image":false,"_vp_format_video_url":"","_vp_image_focal_point":[]},"product_brand":[],"product_cat":[15],"product_tag":[],"class_list":{"0":"post-11022","1":"product","2":"type-product","3":"status-publish","4":"has-post-thumbnail","6":"product_cat-uncategorized","8":"first","9":"instock","10":"virtual","11":"purchasable","12":"product-type-simple"},"acf":[],"_links":{"self":[{"href":"https:\/\/taxicity.services\/fr\/wp-json\/wp\/v2\/product\/11022","targetHints":{"allow":["GET"]}}],"collection":[{"href":"https:\/\/taxicity.services\/fr\/wp-json\/wp\/v2\/product"}],"about":[{"href":"https:\/\/taxicity.services\/fr\/wp-json\/wp\/v2\/types\/product"}],"replies":[{"embeddable":true,"href":"https:\/\/taxicity.services\/fr\/wp-json\/wp\/v2\/comments?post=11022"}],"wp:featuredmedia":[{"embeddable":true,"href":"https:\/\/taxicity.services\/fr\/wp-json\/wp\/v2\/media\/11023"}],"wp:attachment":[{"href":"https:\/\/taxicity.services\/fr\/wp-json\/wp\/v2\/media?parent=11022"}],"wp:term":[{"taxonomy":"product_brand","embeddable":true,"href":"https:\/\/taxicity.services\/fr\/wp-json\/wp\/v2\/product_brand?post=11022"},{"taxonomy":"product_cat","embeddable":true,"href":"https:\/\/taxicity.services\/fr\/wp-json\/wp\/v2\/product_cat?post=11022"},{"taxonomy":"product_tag","embeddable":true,"href":"https:\/\/taxicity.services\/fr\/wp-json\/wp\/v2\/product_tag?post=11022"}],"curies":[{"name":"wp","href":"https:\/\/api.w.org\/{rel}","templated":true}]}}