{"id":11020,"date":"2019-04-13T07:37:17","date_gmt":"2019-04-13T07:37:17","guid":{"rendered":"http:\/\/taxicity.services\/tour\/daytrip-ancient-olympia\/"},"modified":"2019-04-23T11:49:12","modified_gmt":"2019-04-23T11:49:12","slug":"daytrip-ancient-olympia","status":"publish","type":"product","link":"https:\/\/taxicity.services\/fr\/tour\/daytrip-ancient-olympia\/","title":{"rendered":"Excursion d\u2019une journ\u00e9e \u00e0 l\u2019ancienne Olympie"},"content":{"rendered":"<p>L\u2019ancienne Olympie est mondialement connue pour \u00eatre le site des Jeux Olympiques antiques. C\u2019\u00e9tait un sanctuaire dans la Gr\u00e8ce antique. Le temple de Zeus, \u00e0 Olympie, abritait la Statue de Zeus, qui \u00e9tait l\u2019une des sept merveilles du monde ancien, cr\u00e9\u00e9e par le c\u00e9l\u00e8bre sculpteur, peintre et architecte Phidias.<\/p>","protected":false},"excerpt":{"rendered":"<p>Les Jeux Olympiques se d\u00e9roul\u00e8rent pour la premi\u00e8re fois sur le stade de l\u2019ancienne Olympie en 776 avant J.C. et jusqu\u2019\u00e0 aujourd\u2019hui ils ont lieu tous les quatre ans. L\u2019ancienne Olympie est situ\u00e9e \u00e0 environ 3 heures de voiture d\u2019Ath\u00e8nes.<\/p>","protected":false},"featured_media":11021,"comment_status":"closed","ping_status":"closed","template":"","meta":{"_acf_changed":false,"inline_featured_image":false,"_vp_format_video_url":"","_vp_image_focal_point":[]},"product_brand":[],"product_cat":[15],"product_tag":[],"class_list":{"0":"post-11020","1":"product","2":"type-product","3":"status-publish","4":"has-post-thumbnail","6":"product_cat-uncategorized","8":"first","9":"instock","10":"virtual","11":"purchasable","12":"product-type-simple"},"acf":[],"_links":{"self":[{"href":"https:\/\/taxicity.services\/fr\/wp-json\/wp\/v2\/product\/11020","targetHints":{"allow":["GET"]}}],"collection":[{"href":"https:\/\/taxicity.services\/fr\/wp-json\/wp\/v2\/product"}],"about":[{"href":"https:\/\/taxicity.services\/fr\/wp-json\/wp\/v2\/types\/product"}],"replies":[{"embeddable":true,"href":"https:\/\/taxicity.services\/fr\/wp-json\/wp\/v2\/comments?post=11020"}],"wp:featuredmedia":[{"embeddable":true,"href":"https:\/\/taxicity.services\/fr\/wp-json\/wp\/v2\/media\/11021"}],"wp:attachment":[{"href":"https:\/\/taxicity.services\/fr\/wp-json\/wp\/v2\/media?parent=11020"}],"wp:term":[{"taxonomy":"product_brand","embeddable":true,"href":"https:\/\/taxicity.services\/fr\/wp-json\/wp\/v2\/product_brand?post=11020"},{"taxonomy":"product_cat","embeddable":true,"href":"https:\/\/taxicity.services\/fr\/wp-json\/wp\/v2\/product_cat?post=11020"},{"taxonomy":"product_tag","embeddable":true,"href":"https:\/\/taxicity.services\/fr\/wp-json\/wp\/v2\/product_tag?post=11020"}],"curies":[{"name":"wp","href":"https:\/\/api.w.org\/{rel}","templated":true}]}}