{"id":11018,"date":"2019-04-04T16:12:33","date_gmt":"2019-04-04T16:12:33","guid":{"rendered":"http:\/\/taxicity.services\/tour\/daytrip-sounio\/"},"modified":"2019-04-23T11:36:33","modified_gmt":"2019-04-23T11:36:33","slug":"daytrip-sounio","status":"publish","type":"product","link":"https:\/\/taxicity.services\/fr\/tour\/daytrip-sounio\/","title":{"rendered":"Excursion d\u2019une journ\u00e9e: Sounion \u2013 Ancien temple de Pos\u00e9idon"},"content":{"rendered":"<p>Le Cap Sounion, \u00e0 une distance de 68 km d\u2019Ath\u00e8nes, est un voyage \u00e0 la journ\u00e9e particuli\u00e8rement populaire. La mer \u00c9g\u00e9e vue des ruines du temple antique de Pos\u00e9idon, le dieu de la mer, est une exp\u00e9rience unique. Le temple fut construit en 450 avant J.C. Le site \u00e9tait sacr\u00e9 pour les Grecs de l\u2019Antiquit\u00e9, pour les navigateurs notamment, qui avaient coutume de v\u00e9n\u00e9rer Pos\u00e9idon et de lui faire des sacrifices, pour qu\u2019il les prot\u00e8ge durant leurs voyages.<\/p>","protected":false},"excerpt":{"rendered":"<p>MYTHOLOGIE<\/p>\n<p>Selon la l\u00e9gende, \u00c9g\u00e9e, roi d\u2019Ath\u00e8nes, attendait son fils, Th\u00e9s\u00e9e, de retour de Cr\u00e8te. Apercevant les voiles noires du vaisseau de son fils, il le crut mort et se jeta de la falaise. La mer au pied du Sounion fut nomm\u00e9e mer \u00c9g\u00e9e en son honneur.<\/p>","protected":false},"featured_media":11019,"comment_status":"closed","ping_status":"closed","template":"","meta":{"_acf_changed":false,"inline_featured_image":false,"_vp_format_video_url":"","_vp_image_focal_point":[]},"product_brand":[],"product_cat":[15],"product_tag":[],"class_list":{"0":"post-11018","1":"product","2":"type-product","3":"status-publish","4":"has-post-thumbnail","6":"product_cat-uncategorized","8":"first","9":"instock","10":"virtual","11":"purchasable","12":"product-type-simple"},"acf":[],"_links":{"self":[{"href":"https:\/\/taxicity.services\/fr\/wp-json\/wp\/v2\/product\/11018","targetHints":{"allow":["GET"]}}],"collection":[{"href":"https:\/\/taxicity.services\/fr\/wp-json\/wp\/v2\/product"}],"about":[{"href":"https:\/\/taxicity.services\/fr\/wp-json\/wp\/v2\/types\/product"}],"replies":[{"embeddable":true,"href":"https:\/\/taxicity.services\/fr\/wp-json\/wp\/v2\/comments?post=11018"}],"wp:featuredmedia":[{"embeddable":true,"href":"https:\/\/taxicity.services\/fr\/wp-json\/wp\/v2\/media\/11019"}],"wp:attachment":[{"href":"https:\/\/taxicity.services\/fr\/wp-json\/wp\/v2\/media?parent=11018"}],"wp:term":[{"taxonomy":"product_brand","embeddable":true,"href":"https:\/\/taxicity.services\/fr\/wp-json\/wp\/v2\/product_brand?post=11018"},{"taxonomy":"product_cat","embeddable":true,"href":"https:\/\/taxicity.services\/fr\/wp-json\/wp\/v2\/product_cat?post=11018"},{"taxonomy":"product_tag","embeddable":true,"href":"https:\/\/taxicity.services\/fr\/wp-json\/wp\/v2\/product_tag?post=11018"}],"curies":[{"name":"wp","href":"https:\/\/api.w.org\/{rel}","templated":true}]}}