{"id":11014,"date":"2019-04-13T07:43:56","date_gmt":"2019-04-13T07:43:56","guid":{"rendered":"http:\/\/taxicity.services\/tour\/daytrip-epidaurus-nafplio-mycenae\/"},"modified":"2019-04-25T10:05:45","modified_gmt":"2019-04-25T10:05:45","slug":"daytrip-epidaurus-nafplio-mycenae","status":"publish","type":"product","link":"https:\/\/taxicity.services\/fr\/tour\/daytrip-epidaurus-nafplio-mycenae\/","title":{"rendered":"Excursion d\u2019une journ\u00e9e: Corinthe ancienne \u2013 Epidaure \u2013 Nauplie \u2013 Myc\u00e8nes"},"content":{"rendered":"<p><strong>NAFPLIO<\/strong><br \/>\nNauplie est une ville du P\u00e9loponn\u00e8se et le port le plus important de la r\u00e9gion. C\u2019est l\u2019une des villes les plus pittoresques du pays. La ville fut la capitale de la premi\u00e8re R\u00e9publique Hell\u00e9nique, de 1828 \u00e0 1834. Le site est \u00e9galement renomm\u00e9 pour l\u2019Acronauplie (les remparts datent de l\u2019\u00e9poque pr\u00e9-classique), le Palam\u00e8de (la citadelle a \u00e9t\u00e9 construite par les V\u00e9nitiens) et la petite forteresse Bourtzi (situ\u00e9e au milieu du port de Nauplie).<\/p>\n<p>MYTHOLOGIE<\/p>\n<p>La l\u00e9gende veut que Nauplie fut fond\u00e9e par Nauplios qui lui donna son nom. Selon la mythologie grecque, le site fut fortifi\u00e9 par une enceinte cyclop\u00e9enne. Des vestiges arch\u00e9ologiques prouvent l\u2019existence de la cit\u00e9 durant la p\u00e9riode myc\u00e9nienne.<\/p>\n<p><strong>MYCENAE<\/strong><br \/>\nMyc\u00e8nes, le royaume d\u2019Agamemnon, est la citadelle la plus importante de l\u2019\u00c2ge du Bronze tardif.<br \/>\nCette longue p\u00e9riode et sa civilisation ont \u00e9t\u00e9 nomm\u00e9es d\u2019apr\u00e8s la cit\u00e9, ainsi appel\u00e9e p\u00e9riode Myc\u00e9nienne. De nombreuses l\u00e9gendes remontent \u00e0 cette p\u00e9riode. Ces l\u00e9gendes ont \u00e9t\u00e9 une source d\u2019inspiration pour de nombreux \u00e9crivains et artistes \u00e0 travers les si\u00e8cles.<\/p>\n<p>MYTHOLOGIE<\/p>\n<p>Selon la l\u00e9gende, c\u2019est Pers\u00e9e, le fils de Zeus et Dana\u00e9, qui fut le fondateur de Myc\u00e8nes. Il est dit que Pers\u00e9e nomma la cit\u00e9 soit d\u2019apr\u00e8s le pommeau de son \u00e9p\u00e9e (myc\u0113s), soit d\u2019apr\u00e8s un champignon qu\u2019il trouva sur le site.<\/p>","protected":false},"excerpt":{"rendered":"<p><strong>CORINTH<\/strong><br \/>\nCorinthe \u00e9tait l\u2019une des cit\u00e9s-\u00c9tats les plus importantes du monde ancient. C\u2019\u00e9tait un centre d\u2019\u00e9changes pour toute la r\u00e9gion. C\u2019\u00e9tait une des plus peupl\u00e9es et des plus riches du monde antique. Corinthe \u00e9tait d\u00e9j\u00e0 habit\u00e9e au moins 6 500 avant J.C.<\/p>\n<p><strong>EPIDAURUS<\/strong><br \/>\n\u00c9pidaure \u00e9tait une petite cit\u00e9 dans la Gr\u00e8ce antique. Sa situation de m\u00eame que le sanctuaire d\u2019Ascl\u00e9pios, le centre th\u00e9rapeutique le plus important du monde antique grec et romain, contribu\u00e8rent \u00e0 sa prop\u00e9rit\u00e9. Le th\u00e9\u00e2tre d\u2019\u00c9pidaure, construit au IVe si\u00e8cle avant J.C., est admir\u00e9 dans le monde entier pour son acoustique exceptionnelle. Depuis quelques d\u00e9cennies, il est utilis\u00e9 pour des manifestations culturelles.<\/p>","protected":false},"featured_media":11016,"comment_status":"closed","ping_status":"closed","template":"","meta":{"_acf_changed":false,"inline_featured_image":false,"_vp_format_video_url":"","_vp_image_focal_point":[]},"product_brand":[],"product_cat":[15],"product_tag":[],"class_list":{"0":"post-11014","1":"product","2":"type-product","3":"status-publish","4":"has-post-thumbnail","6":"product_cat-uncategorized","8":"first","9":"instock","10":"virtual","11":"purchasable","12":"product-type-simple"},"acf":[],"_links":{"self":[{"href":"https:\/\/taxicity.services\/fr\/wp-json\/wp\/v2\/product\/11014","targetHints":{"allow":["GET"]}}],"collection":[{"href":"https:\/\/taxicity.services\/fr\/wp-json\/wp\/v2\/product"}],"about":[{"href":"https:\/\/taxicity.services\/fr\/wp-json\/wp\/v2\/types\/product"}],"replies":[{"embeddable":true,"href":"https:\/\/taxicity.services\/fr\/wp-json\/wp\/v2\/comments?post=11014"}],"wp:featuredmedia":[{"embeddable":true,"href":"https:\/\/taxicity.services\/fr\/wp-json\/wp\/v2\/media\/11016"}],"wp:attachment":[{"href":"https:\/\/taxicity.services\/fr\/wp-json\/wp\/v2\/media?parent=11014"}],"wp:term":[{"taxonomy":"product_brand","embeddable":true,"href":"https:\/\/taxicity.services\/fr\/wp-json\/wp\/v2\/product_brand?post=11014"},{"taxonomy":"product_cat","embeddable":true,"href":"https:\/\/taxicity.services\/fr\/wp-json\/wp\/v2\/product_cat?post=11014"},{"taxonomy":"product_tag","embeddable":true,"href":"https:\/\/taxicity.services\/fr\/wp-json\/wp\/v2\/product_tag?post=11014"}],"curies":[{"name":"wp","href":"https:\/\/api.w.org\/{rel}","templated":true}]}}