{"id":11010,"date":"2019-04-13T07:49:01","date_gmt":"2019-04-13T07:49:01","guid":{"rendered":"http:\/\/taxicity.services\/tour\/daytrip-athens-piraeus\/"},"modified":"2019-04-23T11:48:11","modified_gmt":"2019-04-23T11:48:11","slug":"daytrip-athens-piraeus","status":"publish","type":"product","link":"https:\/\/taxicity.services\/fr\/tour\/daytrip-athens-piraeus\/","title":{"rendered":"Excursion d\u2019une journ\u00e9e: Ath\u00e8nes \u2013 Pir\u00e9e"},"content":{"rendered":"<p>Ath\u00e8nes est la plus grande cit\u00e9 de Gr\u00e8ce. Avec Rome elles sont consid\u00e9r\u00e9es comme les villes les plus historiques d\u2019Europe. Elle doit son nom \u00e0 la d\u00e9esse Ath\u00e9na qui \u00e9tait sa protectrice. Dans l\u2019Antiquit\u00e9, Ath\u00e8nes \u00e9tait la cit\u00e9-\u00c9tat la plus puissante et un centre culturel majeur. Elle est connue dans le monde entier pour ses monuments antiques qui ont surv\u00e9cu tout au long des si\u00e8cles.<\/p>","protected":false},"excerpt":{"rendered":"<p>Une visite guid\u00e9e dans le centre-ville sera l\u2019occasion, pour les visiteurs, de voir le temple de Zeus le dieu Olympien, le stade panath\u00e9na\u00efque, d\u2019admirer le centre historique d\u2019Ath\u00e8nes et de visiter l\u2019une des sept merveilles du monde, le Parth\u00e9non sur l\u2019acropole.<\/p>\n<p>Le circuit inclut aussi le port du Pir\u00e9e, le plus grand port du pays et de la M\u00e9diterran\u00e9e orientale.<\/p>","protected":false},"featured_media":11012,"comment_status":"closed","ping_status":"closed","template":"","meta":{"_acf_changed":false,"inline_featured_image":false,"_vp_format_video_url":"","_vp_image_focal_point":[]},"product_brand":[],"product_cat":[15],"product_tag":[],"class_list":{"0":"post-11010","1":"product","2":"type-product","3":"status-publish","4":"has-post-thumbnail","6":"product_cat-uncategorized","8":"first","9":"instock","10":"virtual","11":"purchasable","12":"product-type-simple"},"acf":[],"_links":{"self":[{"href":"https:\/\/taxicity.services\/fr\/wp-json\/wp\/v2\/product\/11010","targetHints":{"allow":["GET"]}}],"collection":[{"href":"https:\/\/taxicity.services\/fr\/wp-json\/wp\/v2\/product"}],"about":[{"href":"https:\/\/taxicity.services\/fr\/wp-json\/wp\/v2\/types\/product"}],"replies":[{"embeddable":true,"href":"https:\/\/taxicity.services\/fr\/wp-json\/wp\/v2\/comments?post=11010"}],"wp:featuredmedia":[{"embeddable":true,"href":"https:\/\/taxicity.services\/fr\/wp-json\/wp\/v2\/media\/11012"}],"wp:attachment":[{"href":"https:\/\/taxicity.services\/fr\/wp-json\/wp\/v2\/media?parent=11010"}],"wp:term":[{"taxonomy":"product_brand","embeddable":true,"href":"https:\/\/taxicity.services\/fr\/wp-json\/wp\/v2\/product_brand?post=11010"},{"taxonomy":"product_cat","embeddable":true,"href":"https:\/\/taxicity.services\/fr\/wp-json\/wp\/v2\/product_cat?post=11010"},{"taxonomy":"product_tag","embeddable":true,"href":"https:\/\/taxicity.services\/fr\/wp-json\/wp\/v2\/product_tag?post=11010"}],"curies":[{"name":"wp","href":"https:\/\/api.w.org\/{rel}","templated":true}]}}